{"id":7405,"date":"2021-05-26T14:45:35","date_gmt":"2021-05-26T12:45:35","guid":{"rendered":"https:\/\/compagnie-leanature.com\/entreprise-responsable-et-durable\/"},"modified":"2025-01-08T16:59:27","modified_gmt":"2025-01-08T15:59:27","slug":"a-responsible-and-sustainable-company","status":"publish","type":"page","link":"https:\/\/compagnie-leanature.com\/en\/a-responsible-and-sustainable-company\/","title":{"rendered":"Strategy and organization"},"content":{"rendered":"<p>Compagnie L\u00e9a Nature is a responsible and sustainable company structured around 4 major business units. Each one has established its own expertise and know-how, both in developing the products manufactured by its companies and in supporting its own producers and supply chains.<br \/>\nThanks to these four organic business units, Compagnie L\u00e9a Nature has developed a wide variety of brands and offers a complete range of food, health, cosmetic and household products. Our moto:\u00a0 acting sensibly to reconcile business interests with the environment.<\/p>\n","protected":false},"excerpt":{"rendered":"<p>Compagnie L\u00e9a Nature is a responsible and sustainable company structured around 4 major business units. Each one has established its own expertise and know-how, both in developing the products manufactured by its companies and in supporting its own producers and supply chains. Thanks to these four organic business units, Compagnie L\u00e9a Nature has developed a [&hellip;]<\/p>\n","protected":false},"author":1,"featured_media":2691,"parent":0,"menu_order":1,"comment_status":"closed","ping_status":"closed","template":"","meta":{"_acf_changed":false,"footnotes":""},"class_list":["post-7405","page","type-page","status-publish","has-post-thumbnail","hentry"],"acf":[],"yoast_head":"<!-- This site is optimized with the Yoast SEO plugin v27.2 - https:\/\/yoast.com\/product\/yoast-seo-wordpress\/ -->\n<title>Responsible and sustainable Companies \u2013 Organic SME \u2013 Compagnie L\u00e9a Nature<\/title>\n<meta name=\"description\" content=\"Compagnie L\u00e9a Nature is a responsible and sustainable company structured around 4 major business units : food, cosm\u00e9tics, grains stores and fresh prepared food.\" \/>\n<meta name=\"robots\" content=\"index, follow, max-snippet:-1, max-image-preview:large, max-video-preview:-1\" \/>\n<link rel=\"canonical\" href=\"https:\/\/compagnie-leanature.com\/en\/a-responsible-and-sustainable-company\/\" \/>\n<meta property=\"og:locale\" content=\"en_US\" \/>\n<meta property=\"og:type\" content=\"article\" \/>\n<meta property=\"og:title\" content=\"Responsible and sustainable Companies \u2013 Organic SME \u2013 Compagnie L\u00e9a Nature\" \/>\n<meta property=\"og:description\" content=\"Compagnie L\u00e9a Nature is a responsible and sustainable company structured around 4 major business units : food, cosm\u00e9tics, grains stores and fresh prepared food.\" \/>\n<meta property=\"og:url\" content=\"https:\/\/compagnie-leanature.com\/en\/a-responsible-and-sustainable-company\/\" \/>\n<meta property=\"og:site_name\" content=\"Compagnie L\u00e9a Nature\" \/>\n<meta property=\"article:modified_time\" content=\"2025-01-08T15:59:27+00:00\" \/>\n<meta property=\"og:image\" content=\"https:\/\/compagnie-leanature.com\/wp-content\/uploads\/2021\/09\/groupement-entreprises-responsable-PME-bio-compagnie-leanature.jpg\" \/>\n\t<meta property=\"og:image:width\" content=\"1200\" \/>\n\t<meta property=\"og:image:height\" content=\"500\" \/>\n\t<meta property=\"og:image:type\" content=\"image\/jpeg\" \/>\n<meta name=\"twitter:card\" content=\"summary_large_image\" \/>\n<meta name=\"twitter:label1\" content=\"Est. reading time\" \/>\n\t<meta name=\"twitter:data1\" content=\"1 minute\" \/>\n<script type=\"application\/ld+json\" class=\"yoast-schema-graph\">{\"@context\":\"https:\/\/schema.org\",\"@graph\":[{\"@type\":\"WebPage\",\"@id\":\"https:\/\/compagnie-leanature.com\/en\/a-responsible-and-sustainable-company\/\",\"url\":\"https:\/\/compagnie-leanature.com\/en\/a-responsible-and-sustainable-company\/\",\"name\":\"Responsible and sustainable Companies \u2013 Organic SME \u2013 Compagnie L\u00e9a Nature\",\"isPartOf\":{\"@id\":\"https:\/\/compagnie-leanature.com\/#website\"},\"primaryImageOfPage\":{\"@id\":\"https:\/\/compagnie-leanature.com\/en\/a-responsible-and-sustainable-company\/#primaryimage\"},\"image\":{\"@id\":\"https:\/\/compagnie-leanature.com\/en\/a-responsible-and-sustainable-company\/#primaryimage\"},\"thumbnailUrl\":\"https:\/\/compagnie-leanature.com\/wp-content\/uploads\/2021\/09\/groupement-entreprises-responsable-PME-bio-compagnie-leanature.jpg\",\"datePublished\":\"2021-05-26T12:45:35+00:00\",\"dateModified\":\"2025-01-08T15:59:27+00:00\",\"description\":\"Compagnie L\u00e9a Nature is a responsible and sustainable company structured around 4 major business units : food, cosm\u00e9tics, grains stores and fresh prepared food.\",\"breadcrumb\":{\"@id\":\"https:\/\/compagnie-leanature.com\/en\/a-responsible-and-sustainable-company\/#breadcrumb\"},\"inLanguage\":\"en-US\",\"potentialAction\":[{\"@type\":\"ReadAction\",\"target\":[\"https:\/\/compagnie-leanature.com\/en\/a-responsible-and-sustainable-company\/\"]}]},{\"@type\":\"ImageObject\",\"inLanguage\":\"en-US\",\"@id\":\"https:\/\/compagnie-leanature.com\/en\/a-responsible-and-sustainable-company\/#primaryimage\",\"url\":\"https:\/\/compagnie-leanature.com\/wp-content\/uploads\/2021\/09\/groupement-entreprises-responsable-PME-bio-compagnie-leanature.jpg\",\"contentUrl\":\"https:\/\/compagnie-leanature.com\/wp-content\/uploads\/2021\/09\/groupement-entreprises-responsable-PME-bio-compagnie-leanature.jpg\",\"width\":1200,\"height\":500,\"caption\":\"Grou\"},{\"@type\":\"BreadcrumbList\",\"@id\":\"https:\/\/compagnie-leanature.com\/en\/a-responsible-and-sustainable-company\/#breadcrumb\",\"itemListElement\":[{\"@type\":\"ListItem\",\"position\":1,\"name\":\"Home\",\"item\":\"https:\/\/compagnie-leanature.com\/en\/\"},{\"@type\":\"ListItem\",\"position\":2,\"name\":\"Strategy and organization\"}]},{\"@type\":\"WebSite\",\"@id\":\"https:\/\/compagnie-leanature.com\/#website\",\"url\":\"https:\/\/compagnie-leanature.com\/\",\"name\":\"Compagnie L\u00e9a Nature\",\"description\":\"Natural and organic products\",\"publisher\":{\"@id\":\"https:\/\/compagnie-leanature.com\/#organization\"},\"potentialAction\":[{\"@type\":\"SearchAction\",\"target\":{\"@type\":\"EntryPoint\",\"urlTemplate\":\"https:\/\/compagnie-leanature.com\/?s={search_term_string}\"},\"query-input\":{\"@type\":\"PropertyValueSpecification\",\"valueRequired\":true,\"valueName\":\"search_term_string\"}}],\"inLanguage\":\"en-US\"},{\"@type\":\"Organization\",\"@id\":\"https:\/\/compagnie-leanature.com\/#organization\",\"name\":\"Compagnie L\u00e9a Nature\",\"url\":\"https:\/\/compagnie-leanature.com\/\",\"logo\":{\"@type\":\"ImageObject\",\"inLanguage\":\"en-US\",\"@id\":\"https:\/\/compagnie-leanature.com\/#\/schema\/logo\/image\/\",\"url\":\"https:\/\/compagnie-leanature.com\/wp-content\/uploads\/2021\/05\/logo-compagnie-lea-nature.svg\",\"contentUrl\":\"https:\/\/compagnie-leanature.com\/wp-content\/uploads\/2021\/05\/logo-compagnie-lea-nature.svg\",\"width\":1,\"height\":1,\"caption\":\"Compagnie L\u00e9a Nature\"},\"image\":{\"@id\":\"https:\/\/compagnie-leanature.com\/#\/schema\/logo\/image\/\"}}]}<\/script>\n<!-- \/ Yoast SEO plugin. -->","yoast_head_json":{"title":"Responsible and sustainable Companies \u2013 Organic SME \u2013 Compagnie L\u00e9a Nature","description":"Compagnie L\u00e9a Nature is a responsible and sustainable company structured around 4 major business units : food, cosm\u00e9tics, grains stores and fresh prepared food.","robots":{"index":"index","follow":"follow","max-snippet":"max-snippet:-1","max-image-preview":"max-image-preview:large","max-video-preview":"max-video-preview:-1"},"canonical":"https:\/\/compagnie-leanature.com\/en\/a-responsible-and-sustainable-company\/","og_locale":"en_US","og_type":"article","og_title":"Responsible and sustainable Companies \u2013 Organic SME \u2013 Compagnie L\u00e9a Nature","og_description":"Compagnie L\u00e9a Nature is a responsible and sustainable company structured around 4 major business units : food, cosm\u00e9tics, grains stores and fresh prepared food.","og_url":"https:\/\/compagnie-leanature.com\/en\/a-responsible-and-sustainable-company\/","og_site_name":"Compagnie L\u00e9a Nature","article_modified_time":"2025-01-08T15:59:27+00:00","og_image":[{"width":1200,"height":500,"url":"https:\/\/compagnie-leanature.com\/wp-content\/uploads\/2021\/09\/groupement-entreprises-responsable-PME-bio-compagnie-leanature.jpg","type":"image\/jpeg"}],"twitter_card":"summary_large_image","twitter_misc":{"Est. reading time":"1 minute"},"schema":{"@context":"https:\/\/schema.org","@graph":[{"@type":"WebPage","@id":"https:\/\/compagnie-leanature.com\/en\/a-responsible-and-sustainable-company\/","url":"https:\/\/compagnie-leanature.com\/en\/a-responsible-and-sustainable-company\/","name":"Responsible and sustainable Companies \u2013 Organic SME \u2013 Compagnie L\u00e9a Nature","isPartOf":{"@id":"https:\/\/compagnie-leanature.com\/#website"},"primaryImageOfPage":{"@id":"https:\/\/compagnie-leanature.com\/en\/a-responsible-and-sustainable-company\/#primaryimage"},"image":{"@id":"https:\/\/compagnie-leanature.com\/en\/a-responsible-and-sustainable-company\/#primaryimage"},"thumbnailUrl":"https:\/\/compagnie-leanature.com\/wp-content\/uploads\/2021\/09\/groupement-entreprises-responsable-PME-bio-compagnie-leanature.jpg","datePublished":"2021-05-26T12:45:35+00:00","dateModified":"2025-01-08T15:59:27+00:00","description":"Compagnie L\u00e9a Nature is a responsible and sustainable company structured around 4 major business units : food, cosm\u00e9tics, grains stores and fresh prepared food.","breadcrumb":{"@id":"https:\/\/compagnie-leanature.com\/en\/a-responsible-and-sustainable-company\/#breadcrumb"},"inLanguage":"en-US","potentialAction":[{"@type":"ReadAction","target":["https:\/\/compagnie-leanature.com\/en\/a-responsible-and-sustainable-company\/"]}]},{"@type":"ImageObject","inLanguage":"en-US","@id":"https:\/\/compagnie-leanature.com\/en\/a-responsible-and-sustainable-company\/#primaryimage","url":"https:\/\/compagnie-leanature.com\/wp-content\/uploads\/2021\/09\/groupement-entreprises-responsable-PME-bio-compagnie-leanature.jpg","contentUrl":"https:\/\/compagnie-leanature.com\/wp-content\/uploads\/2021\/09\/groupement-entreprises-responsable-PME-bio-compagnie-leanature.jpg","width":1200,"height":500,"caption":"Grou"},{"@type":"BreadcrumbList","@id":"https:\/\/compagnie-leanature.com\/en\/a-responsible-and-sustainable-company\/#breadcrumb","itemListElement":[{"@type":"ListItem","position":1,"name":"Home","item":"https:\/\/compagnie-leanature.com\/en\/"},{"@type":"ListItem","position":2,"name":"Strategy and organization"}]},{"@type":"WebSite","@id":"https:\/\/compagnie-leanature.com\/#website","url":"https:\/\/compagnie-leanature.com\/","name":"Compagnie L\u00e9a Nature","description":"Natural and organic products","publisher":{"@id":"https:\/\/compagnie-leanature.com\/#organization"},"potentialAction":[{"@type":"SearchAction","target":{"@type":"EntryPoint","urlTemplate":"https:\/\/compagnie-leanature.com\/?s={search_term_string}"},"query-input":{"@type":"PropertyValueSpecification","valueRequired":true,"valueName":"search_term_string"}}],"inLanguage":"en-US"},{"@type":"Organization","@id":"https:\/\/compagnie-leanature.com\/#organization","name":"Compagnie L\u00e9a Nature","url":"https:\/\/compagnie-leanature.com\/","logo":{"@type":"ImageObject","inLanguage":"en-US","@id":"https:\/\/compagnie-leanature.com\/#\/schema\/logo\/image\/","url":"https:\/\/compagnie-leanature.com\/wp-content\/uploads\/2021\/05\/logo-compagnie-lea-nature.svg","contentUrl":"https:\/\/compagnie-leanature.com\/wp-content\/uploads\/2021\/05\/logo-compagnie-lea-nature.svg","width":1,"height":1,"caption":"Compagnie L\u00e9a Nature"},"image":{"@id":"https:\/\/compagnie-leanature.com\/#\/schema\/logo\/image\/"}}]}},"_links":{"self":[{"href":"https:\/\/compagnie-leanature.com\/en\/wp-json\/wp\/v2\/pages\/7405","targetHints":{"allow":["GET"]}}],"collection":[{"href":"https:\/\/compagnie-leanature.com\/en\/wp-json\/wp\/v2\/pages"}],"about":[{"href":"https:\/\/compagnie-leanature.com\/en\/wp-json\/wp\/v2\/types\/page"}],"author":[{"embeddable":true,"href":"https:\/\/compagnie-leanature.com\/en\/wp-json\/wp\/v2\/users\/1"}],"replies":[{"embeddable":true,"href":"https:\/\/compagnie-leanature.com\/en\/wp-json\/wp\/v2\/comments?post=7405"}],"version-history":[{"count":10,"href":"https:\/\/compagnie-leanature.com\/en\/wp-json\/wp\/v2\/pages\/7405\/revisions"}],"predecessor-version":[{"id":37402,"href":"https:\/\/compagnie-leanature.com\/en\/wp-json\/wp\/v2\/pages\/7405\/revisions\/37402"}],"wp:featuredmedia":[{"embeddable":true,"href":"https:\/\/compagnie-leanature.com\/en\/wp-json\/wp\/v2\/media\/2691"}],"wp:attachment":[{"href":"https:\/\/compagnie-leanature.com\/en\/wp-json\/wp\/v2\/media?parent=7405"}],"curies":[{"name":"wp","href":"https:\/\/api.w.org\/{rel}","templated":true}]}}